{"id":273,"date":"2024-11-13T17:25:08","date_gmt":"2024-11-13T15:25:08","guid":{"rendered":"https:\/\/namnlappar.nu\/?page_id=273"},"modified":"2024-12-09T16:13:43","modified_gmt":"2024-12-09T14:13:43","slug":"affiliates","status":"publish","type":"page","link":"https:\/\/namnlappar.nu\/sv\/affiliates\/","title":{"rendered":"G\u00e5 med i partnerprogram!"},"content":{"rendered":"<p style=\"text-align: center;\">G\u00e5 med i partnerprogram!<\/p>\n<div class=\"afwc_reg_form_wrapper\"><form action=\"#\" id=\"afwc_registration_form\" data-trp-original-action=\"#\"><div class=\"afwc_reg_field_wrapper afwc_reg_email\"><label for=\"afwc_reg_email\" class=\"afwc_required\">Mejl<\/label><input type=\"email\" id=\"afwc_reg_email\" name=\"afwc_reg_email\" required class=\"afwc_reg_form_field\"  value=\"\"\/><\/div><div class=\"afwc_reg_field_wrapper afwc_reg_first_name afwc_is_half\"><label for=\"afwc_reg_first_name\" class=\"afwc_\">F\u00f6rnamn<\/label><input type=\"text\" id=\"afwc_reg_first_name\" name=\"afwc_reg_first_name\"  class=\"afwc_reg_form_field\"  value=\"\"\/><\/div><div class=\"afwc_reg_field_wrapper afwc_reg_last_name afwc_is_half\"><label for=\"afwc_reg_last_name\" class=\"afwc_\">Efternamn<\/label><input type=\"text\" id=\"afwc_reg_last_name\" name=\"afwc_reg_last_name\"  class=\"afwc_reg_form_field\"  value=\"\"\/><\/div><div class=\"afwc_reg_field_wrapper afwc_reg_contact\"><label for=\"afwc_reg_contact\" class=\"afwc_\">Mobilnummer<\/label><input type=\"text\" id=\"afwc_reg_contact\" name=\"afwc_reg_contact\"  class=\"afwc_reg_form_field\"  value=\"\"\/><\/div><div class=\"afwc_reg_field_wrapper afwc_reg_website\"><label for=\"afwc_reg_website\" class=\"afwc_\">Hemsida<\/label><input type=\"text\" id=\"afwc_reg_website\" name=\"afwc_reg_website\"  class=\"afwc_reg_form_field\"  value=\"\"\/><\/div><div class=\"afwc_reg_field_wrapper afwc_reg_password afwc_is_half\"><label for=\"afwc_reg_password\" class=\"afwc_required\">L\u00f6senord<\/label><input type=\"password\" id=\"afwc_reg_password\" name=\"afwc_reg_password\" required class=\"afwc_reg_form_field\"  value=\"\"\/><\/div><div class=\"afwc_reg_field_wrapper afwc_reg_confirm_password afwc_is_half\"><label for=\"afwc_reg_confirm_password\" class=\"afwc_required\">Bekr\u00e4fta l\u00f6senord<\/label><input type=\"password\" id=\"afwc_reg_confirm_password\" name=\"afwc_reg_confirm_password\" required class=\"afwc_reg_form_field\"  value=\"\"\/><\/div><div class=\"afwc_reg_field_wrapper afwc_reg_desc\"><label for=\"afwc_reg_desc\" class=\"afwc_required\">Ber\u00e4tta mer om dig sj\u00e4lv och varf\u00f6r du vill samarbeta med oss . V\u00e4nligen inkludera dina erfarenheter med sociala medier och av att marknadsf\u00f6ra andra, ber\u00e4tta om din publik etc.<\/label><textarea name=\"afwc_reg_desc\" id=\"afwc_reg_desc\" required size=\"100\" rows=\"5\" cols=\"58\" class=\"afwc_reg_form_field\"><\/textarea><\/div><div class=\"afwc_reg_field_wrapper afwc_reg_terms\"><label for=\"afwc_reg_terms\" class=\"afwc_required\"><input type=\"checkbox\" id=\"afwc_reg_terms\" name=\"afwc_reg_terms\" required class=\"afwc_reg_form_field\"  value=\"\"\/>Jag acceptera samtliga Villkor f\u00f6r programmet.<\/label><\/div><input type=\"hidden\" name=\"afwc_registration\" id=\"afwc_registration\" value=\"7490cc30e4\"\/><label style=\"position:absolute;top:-99999px;left:-99999px;z-index:-99;\"><input type=\"text\" name=\"afwc_hp_email\"  tabindex=\"-1\" autocomplete=\"-1\" value=\"\"\/><\/label><div class=\"afwc_reg_field_wrapper\"><input type=\"submit\" name=\"submit\" class=\"afwc_registration_form_submit\" id=\"afwc_registration_form_submit\" value=\"Skicka in\"\/><div class=\"afwc_reg_loader\"><img decoding=\"async\" src=\"https:\/\/namnlappar.nu\/app\/plugins\/woocommerce\/assets\/images\/wpspin-2x.gif\" \/><\/div><\/div><div class=\"afwc_reg_message\"><\/div><input type=\"hidden\" name=\"trp-form-language\" value=\"sv\"\/><\/form><\/div>","protected":false},"excerpt":{"rendered":"<p>G\u00e5 med i partnerprogram!<\/p>","protected":false},"author":2,"featured_media":0,"parent":0,"menu_order":0,"comment_status":"closed","ping_status":"closed","template":"","meta":{"iawp_total_views":25,"footnotes":""},"class_list":["post-273","page","type-page","status-publish","hentry"],"_links":{"self":[{"href":"https:\/\/namnlappar.nu\/sv\/wp-json\/wp\/v2\/pages\/273","targetHints":{"allow":["GET"]}}],"collection":[{"href":"https:\/\/namnlappar.nu\/sv\/wp-json\/wp\/v2\/pages"}],"about":[{"href":"https:\/\/namnlappar.nu\/sv\/wp-json\/wp\/v2\/types\/page"}],"author":[{"embeddable":true,"href":"https:\/\/namnlappar.nu\/sv\/wp-json\/wp\/v2\/users\/2"}],"replies":[{"embeddable":true,"href":"https:\/\/namnlappar.nu\/sv\/wp-json\/wp\/v2\/comments?post=273"}],"version-history":[{"count":2,"href":"https:\/\/namnlappar.nu\/sv\/wp-json\/wp\/v2\/pages\/273\/revisions"}],"predecessor-version":[{"id":2163,"href":"https:\/\/namnlappar.nu\/sv\/wp-json\/wp\/v2\/pages\/273\/revisions\/2163"}],"wp:attachment":[{"href":"https:\/\/namnlappar.nu\/sv\/wp-json\/wp\/v2\/media?parent=273"}],"curies":[{"name":"wp","href":"https:\/\/api.w.org\/{rel}","templated":true}]}}