{"id":174,"date":"2024-09-10T13:24:45","date_gmt":"2024-09-10T13:24:45","guid":{"rendered":"https:\/\/namnlappar.nu\/?page_id=174"},"modified":"2026-02-18T14:35:06","modified_gmt":"2026-02-18T12:35:06","slug":"privacy-policy","status":"publish","type":"page","link":"https:\/\/namnlappar.nu\/sv\/privacy-policy\/","title":{"rendered":"Integritetspolicy"},"content":{"rendered":"<p><main class=\"privacy-policy\"><\/p>\n<div class=\"content\">\n<div class=\"header\">Integritetspolicy \/ GDPR<\/div>\n<div class=\"subheader\">Senast uppdaterad september, 2024<\/div>\n<div class=\"text\">\n<p>Tangar Technologies AB \u00e4ger och driver namnlappar.nu. Webbplatsen och f\u00f6retaget \u00e4r baserade i Sverige och f\u00f6ljer EU:s lagar och regler. L\u00e4s v\u00e5r integritetspolicy noggrant f\u00f6r att f\u00e5 en tydlig f\u00f6rst\u00e5else f\u00f6r hur vi samlar in, anv\u00e4nder, skyddar eller p\u00e5 annat s\u00e4tt hanterar dina personuppgifter i enlighet med v\u00e5r webbplats.<\/p>\n<h3>Vilka personuppgifter samlar vi in fr\u00e5n personer som bes\u00f6ker namnlappar.nu?<\/h3>\n<p>N\u00e4r du best\u00e4ller dina klisterm\u00e4rken p\u00e5 webbplatsen kan du, i f\u00f6rekommande fall, bli ombedd att ange ditt fullst\u00e4ndiga namn, adress, l\u00e4genhetsnummer etc. (valfritt), land\/region, postnummer, stad, telefon (valfritt), e-postadress samt kreditkortsuppgifter eller andra uppgifter f\u00f6r att f\u00f6rb\u00e4ttra din upplevelse.<\/p>\n<h3>N\u00e4r samlar vi in information?<\/h3>\n<p>Vi samlar in information fr\u00e5n dig n\u00e4r du g\u00f6r en best\u00e4llning p\u00e5 v\u00e5r webbplats.<\/p>\n<h3>Hur anv\u00e4nder vi din information?<\/h3>\n<p>Vi kan anv\u00e4nda informationen vi samlar in fr\u00e5n dig n\u00e4r du g\u00f6r en best\u00e4llning f\u00f6r att:<\/p>\n<dd>\u2013 Anpassa din upplevelse och ge dig den typ av inneh\u00e5ll och produkterbjudanden som du \u00e4r mest intresserad av.<\/dd>\n<dd>\u2013 F\u00f6rb\u00e4ttra v\u00e5r webbplats f\u00f6r att b\u00e4ttre kunna betj\u00e4na dig.<\/dd>\n<dd>\u2013 Ge dig b\u00e4ttre service n\u00e4r vi svarar p\u00e5 dina kundtj\u00e4nst\u00e4renden.<\/dd>\n<h3>Hur skyddar vi din information?<\/h3>\n<p>V\u00e5r webbplats genoms\u00f6ks regelbundet efter s\u00e4kerhetsbrister och k\u00e4nda s\u00e5rbarheter f\u00f6r att g\u00f6ra ditt bes\u00f6k s\u00e5 s\u00e4kert som m\u00f6jligt.<\/p>\n<p>Dina personuppgifter lagras bakom s\u00e4krade n\u00e4tverk och \u00e4r endast tillg\u00e4ngliga f\u00f6r ett begr\u00e4nsat antal personer som har s\u00e4rskilda beh\u00f6righeter till dessa system och som \u00e4r skyldiga att h\u00e5lla informationen konfidentiell. Dessutom krypteras all k\u00e4nslig\/kreditinformation som du l\u00e4mnar via SSL-teknik (Secure Socket Layer).<\/p>\n<p>Vi genomf\u00f6r olika s\u00e4kerhets\u00e5tg\u00e4rder n\u00e4r en anv\u00e4ndare g\u00f6r en best\u00e4llning, registrerar, skickar in eller f\u00e5r tillg\u00e5ng till sina uppgifter f\u00f6r att uppr\u00e4tth\u00e5lla s\u00e4kerheten f\u00f6r dina personuppgifter.<\/p>\n<p>Alla transaktioner behandlas via en betalningsleverant\u00f6r och lagras eller behandlas inte p\u00e5 v\u00e5ra servrar.<\/p>\n<h3>Hur l\u00e4nge sparar vi uppgifterna?<\/h3>\n<p>Vi raderar anv\u00e4ndarkonton endast p\u00e5 beg\u00e4ran. Anledningen till att vi inte raderar konton regelbundet \u00e4r att tj\u00e4nsten tillhandah\u00e5ller klisterm\u00e4rken f\u00f6r att hj\u00e4lpa v\u00e5ra anv\u00e4ndare att bli kontaktade om deras f\u00f6rem\u00e5l tappas bort. Livsl\u00e4ngden p\u00e5 s\u00e5dana klisterm\u00e4rken \u00e4r ok\u00e4nd, och \u00e4ven ett 10 \u00e5r gammalt klisterm\u00e4rke kan fungera f\u00f6r att rapportera ett borttappat f\u00f6rem\u00e5l. Om du vill att dina anv\u00e4ndaruppgifter eller data ska raderas, v\u00e4nligen <a href=\"#\" style=\"color:blue\" onclick=\"loadPage('contact'); return false;\">Kontakta oss<\/a>.<\/p>\n<h3>Hur raderar jag mitt konto?<\/h3>\n<p>Du kan radera ditt konto genom att <a href=\"#\" style=\"color:blue\" onclick=\"loadPage('contact'); return false;\">kontakta oss<\/a>. Observera att detta \u00e4r en o\u00e5terkallelig \u00e5tg\u00e4rd. Av s\u00e4kerhets- och systemsk\u00e4l sparar vi alla transaktioner som gjorts via kontot, men de kommer inte l\u00e4ngre att vara kopplade till n\u00e5gra personuppgifter.<\/p>\n<h3>Anv\u00e4nder vi cookies?<\/h3>\n<p>Ja. B\u00e5de WordPress och WooCommerce, systemen som vi anv\u00e4nder, anv\u00e4nder cookies. Se mer information <a href=\"https:\/\/woocommerce.com\/document\/woocommerce-cookies\/\" style=\"color:blue\" target=\"_blank\" rel=\"noopener noreferrer\">h\u00e4r<\/a>.<\/p>\n<p>L\u00e4s mer om WordPress cookies <a href=\"https:\/\/www.cookiebot.com\/en\/wordpress-cookies\/\" style=\"color:blue\" target=\"_blank\" rel=\"noopener noreferrer\">h\u00e4r<\/a>.<\/p>\n<p>Vi anv\u00e4nder \u00e4ven Microsoft Clarity och Google Analytics f\u00f6r anv\u00e4ndarsp\u00e5rning. L\u00e4s mer om Microsoft Clarity cookies <a href=\"https:\/\/learn.microsoft.com\/en-us\/clarity\/setup-and-installation\/cookie-list\" style=\"color:blue\" target=\"_blank\" rel=\"noopener noreferrer\">h\u00e4r<\/a>.<\/p>\n<p>L\u00e4s mer om Google Analytics cookies <a href=\"https:\/\/support.google.com\/analytics\/answer\/11397207?hl=en\" style=\"color:blue\" target=\"_blank\" rel=\"noopener noreferrer\">h\u00e4r<\/a>.<\/p>\n<h3>Vi anv\u00e4nder cookies f\u00f6r att:<\/h3>\n<dd>\u2013 F\u00f6rst\u00e5 och spara anv\u00e4ndarens inst\u00e4llningar inf\u00f6r framtida bes\u00f6k.<\/dd>\n<dd>\u2013 F\u00f6lja upp annonsering.<\/dd>\n<dd>\u2013 Sammanst\u00e4lla aggregerad data om webbplatstrafik och interaktioner f\u00f6r att kunna erbjuda b\u00e4ttre upplevelser och verktyg i framtiden. Vi kan \u00e4ven anv\u00e4nda betrodda tredjepartstj\u00e4nster som sp\u00e5rar denna information \u00e5t oss.<\/dd>\n<p>Du kan v\u00e4lja att f\u00e5 en varning varje g\u00e5ng en cookie skickas, eller st\u00e4nga av alla cookies. Detta g\u00f6r du via inst\u00e4llningarna i din webbl\u00e4sare. Eftersom alla webbl\u00e4sare \u00e4r lite olika kan du l\u00e4sa i webbl\u00e4sarens hj\u00e4lpmeny f\u00f6r att f\u00e5 veta hur du \u00e4ndrar dina cookie-inst\u00e4llningar.<\/p>\n<h3>Om anv\u00e4ndare inaktiverar cookies i sin webbl\u00e4sare<\/h3>\n<p>Om du st\u00e4nger av cookies kan vissa funktioner som g\u00f6r din upplevelse mer effektiv sluta fungera korrekt.<\/p>\n<h3>Utl\u00e4mnande till tredje part<\/h3>\n<p>Vi s\u00e4ljer, byter eller p\u00e5 annat s\u00e4tt \u00f6verf\u00f6r inte dina personuppgifter till utomst\u00e5ende parter utan att i f\u00f6rv\u00e4g informera anv\u00e4ndarna. Detta inkluderar dock inte webbhotellspartners och andra parter som hj\u00e4lper oss att driva v\u00e5r webbplats, bedriva v\u00e5r verksamhet eller betj\u00e4na v\u00e5ra anv\u00e4ndare, s\u00e5 l\u00e4nge dessa parter samtycker till att h\u00e5lla informationen konfidentiell. Vi kan \u00e4ven l\u00e4mna ut information n\u00e4r det \u00e4r l\u00e4mpligt f\u00f6r att f\u00f6lja lagen, verkst\u00e4lla v\u00e5ra webbplatspolicys eller skydda v\u00e5ra eller andras r\u00e4ttigheter, egendom eller s\u00e4kerhet.<\/p>\n<p>Icke-personligt identifierbar bes\u00f6ksinformation kan dock delas med andra parter f\u00f6r marknadsf\u00f6ring, annonsering eller andra \u00e4ndam\u00e5l.<\/p>\n<h3>L\u00e4nkar till tredje part<\/h3>\n<p>Ibland kan vi, efter eget gottfinnande, inkludera eller erbjuda tredjepartsprodukter eller -tj\u00e4nster p\u00e5 v\u00e5r webbplats. Dessa tredjepartswebbplatser har separata och oberoende integritetspolicyer. Vi har d\u00e4rf\u00f6r inget ansvar f\u00f6r inneh\u00e5llet eller aktiviteterna p\u00e5 dessa l\u00e4nkade webbplatser. Vi str\u00e4var dock efter att skydda v\u00e5r webbplats integritet och v\u00e4lkomnar all feedback om dessa webbplatser.<\/p>\n<p>            Om du har fler fr\u00e5gor om integriteten i v\u00e5ra tj\u00e4nster \u00e4r du v\u00e4lkommen att kontakta v\u00e5r support.<\/p><\/div>\n<\/p><\/div>\n<p><\/main><\/p>","protected":false},"excerpt":{"rendered":"<p>Privacy Policy \/ GDPR last uppdated September, 2024 Tangar Technologies AB owns and runs namnlappar.nu. The site and company is based in Sweden and follow EU laws and regulations. Please read our Privacy Policy carefully to get a clear understanding of how we collect, use, protect or otherwise handle your Personally Identifiable Information in accordance [&hellip;]<\/p>\n","protected":false},"author":4,"featured_media":0,"parent":0,"menu_order":0,"comment_status":"closed","ping_status":"closed","template":"","meta":{"iawp_total_views":143,"footnotes":""},"class_list":["post-174","page","type-page","status-publish","hentry"],"_links":{"self":[{"href":"https:\/\/namnlappar.nu\/sv\/wp-json\/wp\/v2\/pages\/174","targetHints":{"allow":["GET"]}}],"collection":[{"href":"https:\/\/namnlappar.nu\/sv\/wp-json\/wp\/v2\/pages"}],"about":[{"href":"https:\/\/namnlappar.nu\/sv\/wp-json\/wp\/v2\/types\/page"}],"author":[{"embeddable":true,"href":"https:\/\/namnlappar.nu\/sv\/wp-json\/wp\/v2\/users\/4"}],"replies":[{"embeddable":true,"href":"https:\/\/namnlappar.nu\/sv\/wp-json\/wp\/v2\/comments?post=174"}],"version-history":[{"count":7,"href":"https:\/\/namnlappar.nu\/sv\/wp-json\/wp\/v2\/pages\/174\/revisions"}],"predecessor-version":[{"id":3789,"href":"https:\/\/namnlappar.nu\/sv\/wp-json\/wp\/v2\/pages\/174\/revisions\/3789"}],"wp:attachment":[{"href":"https:\/\/namnlappar.nu\/sv\/wp-json\/wp\/v2\/media?parent=174"}],"curies":[{"name":"wp","href":"https:\/\/api.w.org\/{rel}","templated":true}]}}