{"id":132,"date":"2024-08-30T09:39:35","date_gmt":"2024-08-30T09:39:35","guid":{"rendered":"https:\/\/namnlappar.nu\/?page_id=132"},"modified":"2025-02-19T10:59:32","modified_gmt":"2025-02-19T08:59:32","slug":"terms","status":"publish","type":"page","link":"https:\/\/namnlappar.nu\/sv\/terms\/","title":{"rendered":"Terms of Service"},"content":{"rendered":"<div class=\"terms-and-conditions-container\">\n<div class=\"content\">\n<h1>Villkor<\/h1>\n<h4>Senast uppdaterad 19 februari, 2025<\/h4>\n<p>Dessa villkor reglerar kundens ink\u00f6p och anv\u00e4ndning av varor och tj\u00e4nster p\u00e5 denna webbplats, som tillhandah\u00e5lls av Tangar Technologies AB (559122-9231) Rosenlundsgatan 40, 11853 Stockholm, nedan kallad leverant\u00f6ren. Villkoren g\u00e4ller all f\u00f6rs\u00e4ljning av leverant\u00f6ren till kund, s\u00e5 l\u00e4nge inget annat avtalats skriftligt mellan parterna.<\/p>\n<h3>1. Produkt, Pris och leverans<\/h3>\n<p>Vi erbjuder smarta namnlappar som hj\u00e4lper dig f\u00e5 tillbaka dina tappade \u00e4godelar, genom att upphittaren kan skanna QR-koden och kontakta dig anonymt. V\u00e5ra sj\u00e4lvh\u00e4ftande namnlappar f\u00e4ster p\u00e5 de flesta material och \u00e4r perfekta f\u00f6r kl\u00e4der, prylar och tr\u00e4ningsutrustning.<\/p>\n<p>N\u00e4r en kund g\u00f6r en best\u00e4llning, skickas en bekr\u00e4ftelse till den e-post som angavs vid best\u00e4llningstidpunkten. Det \u00e4r kundens ansvar att kontrollera att informationen om varor och priser \u00e4r korrekt p\u00e5 de varor som kunden t\u00e4nkt best\u00e4lla. En best\u00e4llning blir bindande n\u00e4r den registreras p\u00e5 e-handelssidan. Leverant\u00f6ren har r\u00e4tt att \u00e4ndra priser och villkor utan f\u00f6rvarning. Det angivna priset vid best\u00e4llningstidpunkten g\u00e4ller. Leverant\u00f6ren tar f\u00f6rbeh\u00e5ll f\u00f6r uppenbart felaktiga priser. Best\u00e4llningar som l\u00e4ggs utanf\u00f6r kontorstider eller under helger behandlas n\u00e4sta arbetsdag. Leveranstider kan \u00e4ndras utan f\u00f6reg\u00e5ende meddelande och pris\u00e4ndringar som inte beror p\u00e5 fel p\u00e5verkar inte redan lagda best\u00e4llningar retroaktivt.<\/p>\n<p>F\u00f6rv\u00e4ntat leveransdatum \u00e4r senast 10 dagar fr\u00e5n best\u00e4llning. F\u00f6r leveranser utanf\u00f6r Sverige, se leveranstider p\u00e5 PostNords webbplats.<\/p>\n<p>Priserna \u00e4r angivna i svenska kronor (SEK) inklusive moms. Priset p\u00e5 varan framg\u00e5r tydligt vid best\u00e4llningsknappen. Fri frakt f\u00f6r brev som skickas inom europa.<\/p>\n<h3>2. Rabattkoder<\/h3>\n<p>Om kunden anv\u00e4nder en rabattkod m\u00e5ste den angivna rabattkoden anges i rabattkod-rutan i kassan, om kunde inte anger rabattkoden och betalar fullt pris kommer ingen \u00e5terbetalning att ske. Om rabatten tillhandah\u00e5lls via en l\u00e4nk \u00e4r kunden sj\u00e4lv ansvarig f\u00f6r att s\u00e4kerst\u00e4lla att rabatten dragits av i kassan. Rabatten visas inte om det inte finns n\u00e5gon vara i kassan.<\/p>\n<h3>3. Ansvarsfriskrivning<\/h3>\n<p>Leverant\u00f6ren uppmanar kunden att vara medveten om att f\u00e4rg\u00e5tergivningen p\u00e5 webbplatsen kan skilja sig fr\u00e5n den faktiska produkten p\u00e5 grund av skillnader i datorsk\u00e4rms-inst\u00e4llningar. Leverant\u00f6ren reserverar sig f\u00f6r eventuella felaktigheter i informationen som presenteras p\u00e5 webbplatsen.<\/p>\n<h3>4. Reklamation, \u00e5ngerr\u00e4tt och \u00f6ppet k\u00f6p<\/h3>\n<p>\u00c5ngerr\u00e4tten \u00e4r inte till\u00e4mplig p\u00e5 produkter som \u00e4r skr\u00e4ddarsydda eller specialbest\u00e4llda, s\u00e5som varor med personlig anpassning. Alla produkter som s\u00e4ljs p\u00e5 denna webbplats \u00e4r specialanpassade efter kundens \u00f6nskem\u00e5l, varp\u00e5 k\u00f6pet inte kan \u00e5ngras. Varan kan reklameras om den inneh\u00e5ller fel. Kontakta oss f\u00f6r instruktioner om du \u00f6nskar reklamera varan. Reklamerad vara skickas till oss per post, kunden st\u00e5r f\u00f6r portokostnaden.<\/p>\n<p>L\u00e4s mer om lagar vid distansavtal <a style=\"color: blue;\" href=\"https:\/\/www.konsumentverket.se\/for-foretag\/konsumentratt-for-foretagare\/lagen-om-distansavtal-och-avtal-utanfor-affarslokaler\/\" target=\"_blank\" rel=\"noopener noreferrer\">h\u00e4r<\/a>.<\/p>\n<p>Det g\u00e5r inte att \u00e4ndra varans utformning eller stoppa efter att en best\u00e4llning \u00e4r gjord, detta d\u00e5 produktionen s\u00e4tts ig\u00e5ng direkt efter best\u00e4llningstillf\u00e4llet.<\/p>\n<h3>5. Garanti<\/h3>\n<p>V\u00e5rt m\u00e5l \u00e4r att alla kunder ska vara n\u00f6jda med sitt k\u00f6p med produkter som m\u00f6ter kundens f\u00f6rv\u00e4ntningar. F\u00f6r detta f\u00f6rfinas b\u00e5de webbplatsen och etiketterna kontinuerligt.<\/p>\n<p>Den vanligaste anledningen till reklamation \u00e4r att den anv\u00e4nds p\u00e5 fel s\u00e4tt. Namnlappen ska f\u00e4stas p\u00e5 en sl\u00e4t yta, p\u00e5 tv\u00e4ttlappen f\u00f6r kl\u00e4der. Att f\u00e4sta den direkt p\u00e5 bomull fungerar inte. Kontakta oss om du inte \u00e4r n\u00f6jd med varan.<\/p>\n<h3>6. Skadade varor och reklamationer<\/h3>\n<p>Det \u00e4r viktigt att du noggrant kontrollerar dina varor vid mottagandet f\u00f6r att s\u00e4kerst\u00e4lla att de inte \u00e4r skadade eller felaktiga. Om du uppt\u00e4cker n\u00e5got fel eller skada p\u00e5 produkten, v\u00e4nligen kontakta oss omedelbart f\u00f6r vidare instruktioner f\u00f6r reklamation. Kund betalar sj\u00e4lv kostnad f\u00f6r porto vid reklamation.<\/p>\n<h3>7. Ansvar f\u00f6r skador fr\u00e5n anv\u00e4ndning av produkter<\/h3>\n<p>Leverant\u00f6ren ansvarar inte f\u00f6r skador p\u00e5 kl\u00e4der eller egendom som orsakas av anv\u00e4ndningen av deras produkter. Kunden b\u00e4r ansvaret f\u00f6r eventuella skador som kan uppkomma vid felaktig anv\u00e4ndning.<\/p>\n<h3>8. Tvister och lagar<\/h3>\n<p>Svensk lagstiftning skall till\u00e4mpas p\u00e5 samtliga k\u00f6p enligt dessa avtalsvillkor. Tvist om k\u00f6p kopplade till dessa villkor ska till\u00e4mpa svensk lag och exklusivt pr\u00f6vas genom f\u00f6renklat skiljef\u00f6rfarande i Stockholms handelskammare<\/p>\n<h3>9. Force Majeure<\/h3>\n<p>Leverant\u00f6ren ansvarar inte f\u00f6r f\u00f6rseningar orsakade av omst\u00e4ndigheter som leverant\u00f6ren inte kunnat r\u00e5da \u00f6ver s\u00e5som exempelvis allm\u00e4n arbetskonflikt, krig, eldsv\u00e5da, blixtnedslag, terroristattack, \u00e4ndrad myndighetsbest\u00e4mmelse, tekniska problem, fel i el-\/tele-\/dataf\u00f6rbindelser eller annan kommunikation samt fel eller f\u00f6rsening i tj\u00e4nster fr\u00e5n underleverant\u00f6r p\u00e5 grund av omst\u00e4ndighet som h\u00e4r angivits. Dessa omst\u00e4ndigheter ska utg\u00f6ra befrielsegrund som medf\u00f6r befrielse fr\u00e5n skadest\u00e5nd och andra p\u00e5f\u00f6ljder. Om n\u00e5gon s\u00e5dan situation skulle uppst\u00e5 informerar leverant\u00f6ren kunden dels i b\u00f6rjan och dels i slutet av tiden f\u00f6r den aktuella situationen. Har omst\u00e4ndigheten varat l\u00e4ngre \u00e4n tv\u00e5 m\u00e5nader har b\u00e5de kunden och leverant\u00f6ren r\u00e4tt att h\u00e4va k\u00f6pet med omedelbar verkan. <\/p>\n<h3>10. Personuppgiftsbehandling<\/h3>\n<p>F\u00f6r att kunna ta emot, hantera och leverera din best\u00e4llning kommer leverant\u00f6ren att behandla kundens personuppgifter, i enlighet med g\u00e4llande personuppgiftslagstiftning. Vilken information som hanteras av leverant\u00f6ren beskrivs i bolagets <a style=\"color: blue;\" href=\"https:\/\/namnlappar.nu\/privacy-policy\/\">Integritetspolicy<\/a><\/p>\n<h3>11. Copyright<\/h3>\n<p>Allt inneh\u00e5ll p\u00e5 denna webbplats tillh\u00f6r leverant\u00f6ren eller samarbetspartners till oss och skyddas av bland annat upphovsr\u00e4tten, marknadsf\u00f6rings-och varum\u00e4rkeslagen. Detta inneb\u00e4r att varum\u00e4rken, firmanamn, bild\/grafik, design och layout och allt annat inneh\u00e5ll p\u00e5 denna webbplats inte f\u00e5r laddas ner, kopieras eller anv\u00e4nds p\u00e5 annat s\u00e4tt utan att detta specifikt avtalats genom skriftligt tillst\u00e5nd fr\u00e5n leverant\u00f6ren.<\/p>\n<h3>Kontaktuppgifter<\/h3>\n<p>Leverant\u00f6ren kontaktas genom formul\u00e4r p\u00e5 sidan <a style=\"color: blue;\" href=\"https:\/\/namnlappar.nu\/contact\/\">Kontakta oss<\/a><br \/>\nVia email: support@qr.eu, eller telefon: +46 70 404 92 72<\/p>\n<\/div>\n<\/div>","protected":false},"excerpt":{"rendered":"<p>Terms and conditions Last updated 19 February, 2024 These terms govern the customer&#8217;s purchase and use of goods and services on this website, which are provided by Tangar Technologies AB (559122-9231) Rosenlundsgatan 40, 11853 Stockholm, hereinafter referred to as the supplier. The terms apply to all sales by the supplier to the customer, as long [&hellip;]<\/p>\n","protected":false},"author":2,"featured_media":0,"parent":0,"menu_order":0,"comment_status":"closed","ping_status":"closed","template":"","meta":{"iawp_total_views":215,"footnotes":""},"class_list":["post-132","page","type-page","status-publish","hentry"],"_links":{"self":[{"href":"https:\/\/namnlappar.nu\/sv\/wp-json\/wp\/v2\/pages\/132","targetHints":{"allow":["GET"]}}],"collection":[{"href":"https:\/\/namnlappar.nu\/sv\/wp-json\/wp\/v2\/pages"}],"about":[{"href":"https:\/\/namnlappar.nu\/sv\/wp-json\/wp\/v2\/types\/page"}],"author":[{"embeddable":true,"href":"https:\/\/namnlappar.nu\/sv\/wp-json\/wp\/v2\/users\/2"}],"replies":[{"embeddable":true,"href":"https:\/\/namnlappar.nu\/sv\/wp-json\/wp\/v2\/comments?post=132"}],"version-history":[{"count":20,"href":"https:\/\/namnlappar.nu\/sv\/wp-json\/wp\/v2\/pages\/132\/revisions"}],"predecessor-version":[{"id":3035,"href":"https:\/\/namnlappar.nu\/sv\/wp-json\/wp\/v2\/pages\/132\/revisions\/3035"}],"wp:attachment":[{"href":"https:\/\/namnlappar.nu\/sv\/wp-json\/wp\/v2\/media?parent=132"}],"curies":[{"name":"wp","href":"https:\/\/api.w.org\/{rel}","templated":true}]}}